{"id":177,"date":"2022-12-02T11:26:49","date_gmt":"2022-12-02T11:26:49","guid":{"rendered":"https:\/\/www.erasmus-gea.eu\/?page_id=177"},"modified":"2023-09-28T19:38:53","modified_gmt":"2023-09-28T19:38:53","slug":"about","status":"publish","type":"page","link":"https:\/\/www.erasmus-gea.eu\/sr\/about\/","title":{"rendered":"O"},"content":{"rendered":"<div data-elementor-type=\"wp-page\" data-elementor-id=\"177\" class=\"elementor elementor-177\" data-elementor-post-type=\"page\">\n\t\t\t\t\t\t<section data-particle_enable=\"false\" data-particle-mobile-disabled=\"false\" class=\"elementor-section elementor-top-section elementor-element elementor-element-5476be7 elementor-section-boxed elementor-section-height-default elementor-section-height-default\" data-id=\"5476be7\" data-element_type=\"section\">\n\t\t\t\t\t\t<div class=\"elementor-container elementor-column-gap-default\">\n\t\t\t\t\t<div class=\"elementor-column elementor-col-100 elementor-top-column elementor-element elementor-element-33e6d11\" data-id=\"33e6d11\" data-element_type=\"column\">\n\t\t\t<div class=\"elementor-widget-wrap elementor-element-populated\">\n\t\t\t\t\t\t<div class=\"elementor-element elementor-element-0644a51 elementor-widget elementor-widget-heading\" data-id=\"0644a51\" data-element_type=\"widget\" data-widget_type=\"heading.default\">\n\t\t\t\t<div class=\"elementor-widget-container\">\n\t\t\t<h2 class=\"elementor-heading-title elementor-size-default\">GEA \u2013 Zeleni Preduzetnici u Akciji<\/h2>\t\t<\/div>\n\t\t\t\t<\/div>\n\t\t\t\t<div class=\"elementor-element elementor-element-746e2dc elementor-widget elementor-widget-text-editor\" data-id=\"746e2dc\" data-element_type=\"widget\" data-widget_type=\"text-editor.default\">\n\t\t\t\t<div class=\"elementor-widget-container\">\n\t\t\t\t\t\t\t<p>5 zemalja u\u010desnica:\u00a0 Rumunija, Italija, \u0160panija, Srbija, Severna Makedonija<\/p>\n<p><img fetchpriority=\"high\" decoding=\"async\" src=\"https:\/\/lh6.googleusercontent.com\/Ie1xetP1qknyjMK_EQ2WzEEswTkmh3cFMvS4WjCq83qYocFVLwgv0yM5i-ic9LpMpIztizY65B8hJjWb6TsNiasiieJpZ348smK0z2JluGDigi4WDzl4ATt_TRTF0aDA4eGeQCstMwTKMUBTVl6vfvXiasFlGCK-pKBpWT2gWbvLUnKz1NocoXf7XXNvMKi_0-GP1Z9LhQ\" width=\"624\" height=\"137\" style=\"background-color: transparent; color: rgb(0, 0, 0); font-family: Arial; font-size: 10pt; white-space: pre-wrap; font-weight: var( --e-global-typography-eb21f1d-font-weight ); letter-spacing: var( --e-global-typography-eb21f1d-letter-spacing ); word-spacing: var( --e-global-typography-eb21f1d-word-spacing ); margin-left: 0px; margin-top: 0px;\"><br><\/p>\n<p><br><\/p>\n<p>Ovaj projekat je finansiran uz podr\u0161ku Evropske komisije. Ova publikacija odra\u017eava samo stavove autora i Komisija se ne mo\u017ee smatrati odgovornom za bilo kakvu upotrebu informacija sadr\u017eanih u njoj.<\/p>\n<p><br><\/p>\n<p><b>Koordinator<\/b><\/p>\n<p> Roma Entrepreneurship Development (RO)<br><\/p>\n<p><br><\/p>\n<p><span style=\"font-weight: 700;\">Partneri<\/span><\/p>\n<p>European Centre of Studies and Initiatives<b> (IT)&nbsp;<\/b><\/p>\n<p>Magenta Consultoria <b>(ES)&nbsp;<\/b><\/p>\n<p>Family and Childcare Center <b>(NMkD)<\/b>&nbsp;<\/p>\n<p>Business Development Center Kragujevac <b>(SRB)<\/b><\/p><p>Roma Entrepreneur Development Initiative <b>(International)<\/b><\/p>\n<p><b><br><\/b><\/p>\n<p><span style=\"font-weight: 700;\">Opis<\/span><b><br><\/b><\/p>\n<p>GEA projekat se sastoji od strate\u0161kog partnerstva 5 partnerskih organizacija iz 5 evropskih zemalja: Rumunije, Italije, Severne Makedonije, Srbije i \u0160panije, koje sve dele viziju pove\u0107anja preduzetni\u010dkog potencijala mladih Roma u okviru pandemije COVID-19. Projekat je transnacionalni, a koordinira ga rumunski partner REDI.<br><\/p>\n<p>Projekat ima za cilj tra\u017eenje zajedni\u010dkih i inovativnih rje\u0161enja, najbolje prakse i najnovijih tehnologija za pove\u0107anje poduzetni\u010dkih vje\u0161tina mladih Roma i ugro\u017eenih ljudi u zelenom biznisu. Nastoji izgraditi kapacitete mladih poduzetnika kako bi postali konkurentniji i sposobniji da se suo\u010de s ekonomskim izazovima uzrokovanim krizom COVID-19, te svoje znanje primijenili u razvoju odr\u017eivog poslovanja sa socio-ekonomskim utjecajem u svojim zajednicama. GEA projekat tako\u0111er promovira zeleno poslovanje bez negativnog utjecaja na lokalno ili globalno okru\u017eenje, zajednicu ili ekonomiju.<br><\/p>\n<p><br><\/p>\n<p><span style=\"font-weight: 700;\">Ciljevi<\/span><br><\/p>\n<p>U okviru ovog \u0161irokog cilja, glavni ciljevi projekta su:&nbsp;<\/p>\n<p>O.1: Omogu\u0107iti mladima iz siroma\u0161nih sredina obuku i mentorstvo o zelenom preduzetni\u0161tvu i digitalnim alatima kako bi im se podr\u017ealo da razviju, pokrenu i promovi\u0161u sopstvene zelene kompanije;&nbsp;<\/p>\n<p>O.2: Pobolj\u0161ati digitalne vje\u0161tine ambicioznih zelenih poduzetnika;&nbsp;<\/p>\n<p>O.3: Obezbijediti dobru praksu\/metodologiju za edukatore mladih koji podr\u017eavaju sektor zelenog poslovanja;<\/p>\n<p>O.4: Podi\u0107i svijest mladih ljudi \u0161irom Evrope o zelenom preduzetni\u0161tvu kroz intenzivne aktivnosti \u0161irenja i onlajn kampanju.<br><\/p>\t\t\t\t\t\t<\/div>\n\t\t\t\t<\/div>\n\t\t\t\t\t<\/div>\n\t\t<\/div>\n\t\t\t\t\t<\/div>\n\t\t<\/section>\n\t\t\t\t<section data-particle_enable=\"false\" data-particle-mobile-disabled=\"false\" class=\"elementor-section elementor-top-section elementor-element elementor-element-4bc0253 elementor-section-boxed elementor-section-height-default elementor-section-height-default\" data-id=\"4bc0253\" data-element_type=\"section\">\n\t\t\t\t\t\t<div class=\"elementor-container elementor-column-gap-default\">\n\t\t\t\t\t<div class=\"elementor-column elementor-col-100 elementor-top-column elementor-element elementor-element-2e82a59\" data-id=\"2e82a59\" data-element_type=\"column\" data-settings=\"{&quot;background_background&quot;:&quot;classic&quot;}\">\n\t\t\t<div class=\"elementor-widget-wrap\">\n\t\t\t\t\t\t\t<\/div>\n\t\t<\/div>\n\t\t\t\t\t<\/div>\n\t\t<\/section>\n\t\t\t\t<\/div>","protected":false},"excerpt":{"rendered":"<p>GEA \u2013 Green Entrepreneurs in Action 5 Participating Countries:&nbsp; Romania, Italy, Spain, Sebia, North Macedonia This project has been funded with support from the European Commission. This publication reflects the views only of the author, and the Commission cannot be held responsible for any use which may be made of the information contained therein. Coordinator &#8230; <a title=\"O\" class=\"read-more\" href=\"https:\/\/www.erasmus-gea.eu\/sr\/about\/\" aria-label=\"More on About\">Read more<\/a><\/p>","protected":false},"author":1,"featured_media":0,"parent":0,"menu_order":0,"comment_status":"closed","ping_status":"closed","template":"","meta":{"_bbp_topic_count":0,"_bbp_reply_count":0,"_bbp_total_topic_count":0,"_bbp_total_reply_count":0,"_bbp_voice_count":0,"_bbp_anonymous_reply_count":0,"_bbp_topic_count_hidden":0,"_bbp_reply_count_hidden":0,"_bbp_forum_subforum_count":0,"_monsterinsights_skip_tracking":false,"_monsterinsights_sitenote_active":false,"_monsterinsights_sitenote_note":"","_monsterinsights_sitenote_category":0,"footnotes":""},"class_list":["post-177","page","type-page","status-publish"],"yoast_head":"<!-- This site is optimized with the Yoast SEO Premium plugin v23.9 (Yoast SEO v24.0) - https:\/\/yoast.com\/wordpress\/plugins\/seo\/ -->\n<title>About - Erasmus GEA<\/title>\n<meta name=\"robots\" content=\"index, follow, max-snippet:-1, max-image-preview:large, max-video-preview:-1\" \/>\n<link rel=\"canonical\" href=\"https:\/\/www.erasmus-gea.eu\/sr\/about\/\" \/>\n<meta property=\"og:locale\" content=\"sr_RS\" \/>\n<meta property=\"og:type\" content=\"article\" \/>\n<meta property=\"og:title\" content=\"About\" \/>\n<meta property=\"og:description\" content=\"GEA \u2013 Green Entrepreneurs in Action 5 Participating Countries:&nbsp; Romania, Italy, Spain, Sebia, North Macedonia This project has been funded with support from the European Commission. This publication reflects the views only of the author, and the Commission cannot be held responsible for any use which may be made of the information contained therein. Coordinator ... Read more\" \/>\n<meta property=\"og:url\" content=\"https:\/\/www.erasmus-gea.eu\/sr\/about\/\" \/>\n<meta property=\"og:site_name\" content=\"Erasmus GEA\" \/>\n<meta property=\"article:modified_time\" content=\"2023-09-28T19:38:53+00:00\" \/>\n<meta property=\"og:image\" content=\"https:\/\/lh6.googleusercontent.com\/Ie1xetP1qknyjMK_EQ2WzEEswTkmh3cFMvS4WjCq83qYocFVLwgv0yM5i-ic9LpMpIztizY65B8hJjWb6TsNiasiieJpZ348smK0z2JluGDigi4WDzl4ATt_TRTF0aDA4eGeQCstMwTKMUBTVl6vfvXiasFlGCK-pKBpWT2gWbvLUnKz1NocoXf7XXNvMKi_0-GP1Z9LhQ\" \/>\n<meta name=\"twitter:card\" content=\"summary_large_image\" \/>\n<meta name=\"twitter:label1\" content=\"\u041f\u0440\u043e\u0446\u0435\u045a\u0435\u043d\u043e \u0432\u0440\u0435\u043c\u0435 \u0447\u0438\u0442\u0430\u045a\u0430\" \/>\n\t<meta name=\"twitter:data1\" content=\"2 \u043c\u0438\u043d\u0443\u0442\u0430\" \/>\n<script type=\"application\/ld+json\" class=\"yoast-schema-graph\">{\"@context\":\"https:\/\/schema.org\",\"@graph\":[{\"@type\":\"WebPage\",\"@id\":\"https:\/\/www.erasmus-gea.eu\/about\/\",\"url\":\"https:\/\/www.erasmus-gea.eu\/about\/\",\"name\":\"About - Erasmus GEA\",\"isPartOf\":{\"@id\":\"https:\/\/www.erasmus-gea.eu\/#website\"},\"primaryImageOfPage\":{\"@id\":\"https:\/\/www.erasmus-gea.eu\/about\/#primaryimage\"},\"image\":{\"@id\":\"https:\/\/www.erasmus-gea.eu\/about\/#primaryimage\"},\"thumbnailUrl\":\"https:\/\/lh6.googleusercontent.com\/Ie1xetP1qknyjMK_EQ2WzEEswTkmh3cFMvS4WjCq83qYocFVLwgv0yM5i-ic9LpMpIztizY65B8hJjWb6TsNiasiieJpZ348smK0z2JluGDigi4WDzl4ATt_TRTF0aDA4eGeQCstMwTKMUBTVl6vfvXiasFlGCK-pKBpWT2gWbvLUnKz1NocoXf7XXNvMKi_0-GP1Z9LhQ\",\"datePublished\":\"2022-12-02T11:26:49+00:00\",\"dateModified\":\"2023-09-28T19:38:53+00:00\",\"breadcrumb\":{\"@id\":\"https:\/\/www.erasmus-gea.eu\/about\/#breadcrumb\"},\"inLanguage\":\"sr-RS\",\"potentialAction\":[{\"@type\":\"ReadAction\",\"target\":[\"https:\/\/www.erasmus-gea.eu\/about\/\"]}]},{\"@type\":\"ImageObject\",\"inLanguage\":\"sr-RS\",\"@id\":\"https:\/\/www.erasmus-gea.eu\/about\/#primaryimage\",\"url\":\"https:\/\/lh6.googleusercontent.com\/Ie1xetP1qknyjMK_EQ2WzEEswTkmh3cFMvS4WjCq83qYocFVLwgv0yM5i-ic9LpMpIztizY65B8hJjWb6TsNiasiieJpZ348smK0z2JluGDigi4WDzl4ATt_TRTF0aDA4eGeQCstMwTKMUBTVl6vfvXiasFlGCK-pKBpWT2gWbvLUnKz1NocoXf7XXNvMKi_0-GP1Z9LhQ\",\"contentUrl\":\"https:\/\/lh6.googleusercontent.com\/Ie1xetP1qknyjMK_EQ2WzEEswTkmh3cFMvS4WjCq83qYocFVLwgv0yM5i-ic9LpMpIztizY65B8hJjWb6TsNiasiieJpZ348smK0z2JluGDigi4WDzl4ATt_TRTF0aDA4eGeQCstMwTKMUBTVl6vfvXiasFlGCK-pKBpWT2gWbvLUnKz1NocoXf7XXNvMKi_0-GP1Z9LhQ\"},{\"@type\":\"BreadcrumbList\",\"@id\":\"https:\/\/www.erasmus-gea.eu\/about\/#breadcrumb\",\"itemListElement\":[{\"@type\":\"ListItem\",\"position\":1,\"name\":\"Home\",\"item\":\"https:\/\/www.erasmus-gea.eu\/\"},{\"@type\":\"ListItem\",\"position\":2,\"name\":\"About\"}]},{\"@type\":\"WebSite\",\"@id\":\"https:\/\/www.erasmus-gea.eu\/#website\",\"url\":\"https:\/\/www.erasmus-gea.eu\/\",\"name\":\"Erasmus GEA\",\"description\":\"Erasmus -  Green Entrepreneurs in Action - Learning Platform\",\"publisher\":{\"@id\":\"https:\/\/www.erasmus-gea.eu\/#organization\"},\"potentialAction\":[{\"@type\":\"SearchAction\",\"target\":{\"@type\":\"EntryPoint\",\"urlTemplate\":\"https:\/\/www.erasmus-gea.eu\/?s={search_term_string}\"},\"query-input\":{\"@type\":\"PropertyValueSpecification\",\"valueRequired\":true,\"valueName\":\"search_term_string\"}}],\"inLanguage\":\"sr-RS\"},{\"@type\":\"Organization\",\"@id\":\"https:\/\/www.erasmus-gea.eu\/#organization\",\"name\":\"Erasmus GEA\",\"url\":\"https:\/\/www.erasmus-gea.eu\/\",\"logo\":{\"@type\":\"ImageObject\",\"inLanguage\":\"sr-RS\",\"@id\":\"https:\/\/www.erasmus-gea.eu\/#\/schema\/logo\/image\/\",\"url\":\"https:\/\/www.erasmus-gea.eu\/wp-content\/uploads\/2022\/12\/ErasmusGEA_logo_circle.png\",\"contentUrl\":\"https:\/\/www.erasmus-gea.eu\/wp-content\/uploads\/2022\/12\/ErasmusGEA_logo_circle.png\",\"width\":105,\"height\":93,\"caption\":\"Erasmus GEA\"},\"image\":{\"@id\":\"https:\/\/www.erasmus-gea.eu\/#\/schema\/logo\/image\/\"}}]}<\/script>\n<!-- \/ Yoast SEO Premium plugin. -->","yoast_head_json":{"title":"About - Erasmus GEA","robots":{"index":"index","follow":"follow","max-snippet":"max-snippet:-1","max-image-preview":"max-image-preview:large","max-video-preview":"max-video-preview:-1"},"canonical":"https:\/\/www.erasmus-gea.eu\/sr\/about\/","og_locale":"sr_RS","og_type":"article","og_title":"About","og_description":"GEA \u2013 Green Entrepreneurs in Action 5 Participating Countries:&nbsp; Romania, Italy, Spain, Sebia, North Macedonia This project has been funded with support from the European Commission. This publication reflects the views only of the author, and the Commission cannot be held responsible for any use which may be made of the information contained therein. Coordinator ... Read more","og_url":"https:\/\/www.erasmus-gea.eu\/sr\/about\/","og_site_name":"Erasmus GEA","article_modified_time":"2023-09-28T19:38:53+00:00","og_image":[{"url":"https:\/\/lh6.googleusercontent.com\/Ie1xetP1qknyjMK_EQ2WzEEswTkmh3cFMvS4WjCq83qYocFVLwgv0yM5i-ic9LpMpIztizY65B8hJjWb6TsNiasiieJpZ348smK0z2JluGDigi4WDzl4ATt_TRTF0aDA4eGeQCstMwTKMUBTVl6vfvXiasFlGCK-pKBpWT2gWbvLUnKz1NocoXf7XXNvMKi_0-GP1Z9LhQ","type":"","width":"","height":""}],"twitter_card":"summary_large_image","twitter_misc":{"\u041f\u0440\u043e\u0446\u0435\u045a\u0435\u043d\u043e \u0432\u0440\u0435\u043c\u0435 \u0447\u0438\u0442\u0430\u045a\u0430":"2 \u043c\u0438\u043d\u0443\u0442\u0430"},"schema":{"@context":"https:\/\/schema.org","@graph":[{"@type":"WebPage","@id":"https:\/\/www.erasmus-gea.eu\/about\/","url":"https:\/\/www.erasmus-gea.eu\/about\/","name":"About - Erasmus GEA","isPartOf":{"@id":"https:\/\/www.erasmus-gea.eu\/#website"},"primaryImageOfPage":{"@id":"https:\/\/www.erasmus-gea.eu\/about\/#primaryimage"},"image":{"@id":"https:\/\/www.erasmus-gea.eu\/about\/#primaryimage"},"thumbnailUrl":"https:\/\/lh6.googleusercontent.com\/Ie1xetP1qknyjMK_EQ2WzEEswTkmh3cFMvS4WjCq83qYocFVLwgv0yM5i-ic9LpMpIztizY65B8hJjWb6TsNiasiieJpZ348smK0z2JluGDigi4WDzl4ATt_TRTF0aDA4eGeQCstMwTKMUBTVl6vfvXiasFlGCK-pKBpWT2gWbvLUnKz1NocoXf7XXNvMKi_0-GP1Z9LhQ","datePublished":"2022-12-02T11:26:49+00:00","dateModified":"2023-09-28T19:38:53+00:00","breadcrumb":{"@id":"https:\/\/www.erasmus-gea.eu\/about\/#breadcrumb"},"inLanguage":"sr-RS","potentialAction":[{"@type":"ReadAction","target":["https:\/\/www.erasmus-gea.eu\/about\/"]}]},{"@type":"ImageObject","inLanguage":"sr-RS","@id":"https:\/\/www.erasmus-gea.eu\/about\/#primaryimage","url":"https:\/\/lh6.googleusercontent.com\/Ie1xetP1qknyjMK_EQ2WzEEswTkmh3cFMvS4WjCq83qYocFVLwgv0yM5i-ic9LpMpIztizY65B8hJjWb6TsNiasiieJpZ348smK0z2JluGDigi4WDzl4ATt_TRTF0aDA4eGeQCstMwTKMUBTVl6vfvXiasFlGCK-pKBpWT2gWbvLUnKz1NocoXf7XXNvMKi_0-GP1Z9LhQ","contentUrl":"https:\/\/lh6.googleusercontent.com\/Ie1xetP1qknyjMK_EQ2WzEEswTkmh3cFMvS4WjCq83qYocFVLwgv0yM5i-ic9LpMpIztizY65B8hJjWb6TsNiasiieJpZ348smK0z2JluGDigi4WDzl4ATt_TRTF0aDA4eGeQCstMwTKMUBTVl6vfvXiasFlGCK-pKBpWT2gWbvLUnKz1NocoXf7XXNvMKi_0-GP1Z9LhQ"},{"@type":"BreadcrumbList","@id":"https:\/\/www.erasmus-gea.eu\/about\/#breadcrumb","itemListElement":[{"@type":"ListItem","position":1,"name":"Home","item":"https:\/\/www.erasmus-gea.eu\/"},{"@type":"ListItem","position":2,"name":"About"}]},{"@type":"WebSite","@id":"https:\/\/www.erasmus-gea.eu\/#website","url":"https:\/\/www.erasmus-gea.eu\/","name":"Erasmus GEA","description":"Erasmus -  Green Entrepreneurs in Action - Learning Platform","publisher":{"@id":"https:\/\/www.erasmus-gea.eu\/#organization"},"potentialAction":[{"@type":"SearchAction","target":{"@type":"EntryPoint","urlTemplate":"https:\/\/www.erasmus-gea.eu\/?s={search_term_string}"},"query-input":{"@type":"PropertyValueSpecification","valueRequired":true,"valueName":"search_term_string"}}],"inLanguage":"sr-RS"},{"@type":"Organization","@id":"https:\/\/www.erasmus-gea.eu\/#organization","name":"Erasmus GEA","url":"https:\/\/www.erasmus-gea.eu\/","logo":{"@type":"ImageObject","inLanguage":"sr-RS","@id":"https:\/\/www.erasmus-gea.eu\/#\/schema\/logo\/image\/","url":"https:\/\/www.erasmus-gea.eu\/wp-content\/uploads\/2022\/12\/ErasmusGEA_logo_circle.png","contentUrl":"https:\/\/www.erasmus-gea.eu\/wp-content\/uploads\/2022\/12\/ErasmusGEA_logo_circle.png","width":105,"height":93,"caption":"Erasmus GEA"},"image":{"@id":"https:\/\/www.erasmus-gea.eu\/#\/schema\/logo\/image\/"}}]}},"_links":{"self":[{"href":"https:\/\/www.erasmus-gea.eu\/sr\/wp-json\/wp\/v2\/pages\/177","targetHints":{"allow":["GET"]}}],"collection":[{"href":"https:\/\/www.erasmus-gea.eu\/sr\/wp-json\/wp\/v2\/pages"}],"about":[{"href":"https:\/\/www.erasmus-gea.eu\/sr\/wp-json\/wp\/v2\/types\/page"}],"author":[{"embeddable":true,"href":"https:\/\/www.erasmus-gea.eu\/sr\/wp-json\/wp\/v2\/users\/1"}],"replies":[{"embeddable":true,"href":"https:\/\/www.erasmus-gea.eu\/sr\/wp-json\/wp\/v2\/comments?post=177"}],"version-history":[{"count":6,"href":"https:\/\/www.erasmus-gea.eu\/sr\/wp-json\/wp\/v2\/pages\/177\/revisions"}],"predecessor-version":[{"id":1213,"href":"https:\/\/www.erasmus-gea.eu\/sr\/wp-json\/wp\/v2\/pages\/177\/revisions\/1213"}],"wp:attachment":[{"href":"https:\/\/www.erasmus-gea.eu\/sr\/wp-json\/wp\/v2\/media?parent=177"}],"curies":[{"name":"wp","href":"https:\/\/api.w.org\/{rel}","templated":true}]}}