{"id":177,"date":"2022-12-02T11:26:49","date_gmt":"2022-12-02T11:26:49","guid":{"rendered":"https:\/\/www.erasmus-gea.eu\/?page_id=177"},"modified":"2023-09-28T19:38:53","modified_gmt":"2023-09-28T19:38:53","slug":"about","status":"publish","type":"page","link":"https:\/\/www.erasmus-gea.eu\/it\/about\/","title":{"rendered":"Di"},"content":{"rendered":"<div data-elementor-type=\"wp-page\" data-elementor-id=\"177\" class=\"elementor elementor-177\" data-elementor-post-type=\"page\">\n\t\t\t\t\t\t<section data-particle_enable=\"false\" data-particle-mobile-disabled=\"false\" class=\"elementor-section elementor-top-section elementor-element elementor-element-5476be7 elementor-section-boxed elementor-section-height-default elementor-section-height-default\" data-id=\"5476be7\" data-element_type=\"section\">\n\t\t\t\t\t\t<div class=\"elementor-container elementor-column-gap-default\">\n\t\t\t\t\t<div class=\"elementor-column elementor-col-100 elementor-top-column elementor-element elementor-element-33e6d11\" data-id=\"33e6d11\" data-element_type=\"column\">\n\t\t\t<div class=\"elementor-widget-wrap elementor-element-populated\">\n\t\t\t\t\t\t<div class=\"elementor-element elementor-element-0644a51 elementor-widget elementor-widget-heading\" data-id=\"0644a51\" data-element_type=\"widget\" data-widget_type=\"heading.default\">\n\t\t\t\t<div class=\"elementor-widget-container\">\n\t\t\t<h2 class=\"elementor-heading-title elementor-size-default\">GEA \u2013 Imprenditori Verdi in Azione<\/h2>\t\t<\/div>\n\t\t\t\t<\/div>\n\t\t\t\t<div class=\"elementor-element elementor-element-746e2dc elementor-widget elementor-widget-text-editor\" data-id=\"746e2dc\" data-element_type=\"widget\" data-widget_type=\"text-editor.default\">\n\t\t\t\t<div class=\"elementor-widget-container\">\n\t\t\t\t\t\t\t<p>5 Paesi partecipanti: Romania, Italia, Spagna, Serbia, Macedonia del Nord<\/p>\n<p><img fetchpriority=\"high\" decoding=\"async\" src=\"https:\/\/lh6.googleusercontent.com\/Ie1xetP1qknyjMK_EQ2WzEEswTkmh3cFMvS4WjCq83qYocFVLwgv0yM5i-ic9LpMpIztizY65B8hJjWb6TsNiasiieJpZ348smK0z2JluGDigi4WDzl4ATt_TRTF0aDA4eGeQCstMwTKMUBTVl6vfvXiasFlGCK-pKBpWT2gWbvLUnKz1NocoXf7XXNvMKi_0-GP1Z9LhQ\" width=\"624\" height=\"137\" style=\"background-color: transparent; color: rgb(0, 0, 0); font-family: Arial; font-size: 10pt; white-space: pre-wrap; font-weight: var( --e-global-typography-eb21f1d-font-weight ); letter-spacing: var( --e-global-typography-eb21f1d-letter-spacing ); word-spacing: var( --e-global-typography-eb21f1d-word-spacing ); margin-left: 0px; margin-top: 0px;\"><br><\/p>\n<p><br><\/p>\n<p>Questo progetto \u00e8 stato finanziato con il sostegno della Commissione Europea. Questa pubblicazione riflette esclusivamente il punto di vista dell'autore e la Commissione non pu\u00f2 essere ritenuta responsabile per qualsiasi uso che possa essere fatto delle informazioni in essa contenute.<\/p>\n<p><br><\/p>\n<p><b>Coordinatore<\/b><\/p>\n<p> Roma Entrepreneurship Development (RO)<br><\/p>\n<p><br><\/p>\n<p><span style=\"font-weight: 700;\">Partner<\/span><\/p>\n<p>European Centre of Studies and Initiatives<b> (IT)&nbsp;<\/b><\/p>\n<p>Magenta Consultoria <b>(ES)&nbsp;<\/b><\/p>\n<p>Family and Childcare Center <b>(NMkD)<\/b>&nbsp;<\/p>\n<p>Business Development Center Kragujevac <b>(SRB)<\/b><\/p><p>Roma Entrepreneur Development Initiative <b>(International)<\/b><\/p>\n<p><b><br><\/b><\/p>\n<p><span style=\"font-weight: 700;\">Descrizione<\/span><b><br><\/b><\/p>\n<p>Il progetto GEA consiste in un partenariato strategico di 5 organizzazioni partner provenienti da 5 paesi europei: Romania, Italia, Macedonia del Nord, Serbia e Spagna, che condividono una visione volta ad aumentare il potenziale imprenditoriale dei giovani rom nell'ambito della pandemia di COVID-19. Il progetto \u00e8 di tipo transnazionale, coordinato dal partner rumeno REDI.<br><\/p>\n<p>Il progetto mira alla ricerca di soluzioni comuni e innovative, delle migliori pratiche e delle tecnologie pi\u00f9 recenti per aumentare le capacit\u00e0 imprenditoriali dei giovani rom e delle persone vulnerabili nelle imprese verdi. Si impegna a sviluppare la capacit\u00e0 dei giovani imprenditori di diventare pi\u00f9 competitivi e capaci di affrontare le sfide economiche causate dalla crisi del COVID-19 e di applicare le loro conoscenze nello sviluppo di imprese sostenibili con impatto socioeconomico nelle loro comunit\u00e0. Il progetto GEA promuove inoltre imprese verdi senza impatto negativo sull\u2019ambiente locale o globale, sulla comunit\u00e0 o sull\u2019economia.<br><\/p>\n<p><br><\/p>\n<p><span style=\"font-weight: 700;\">Obiettivi<\/span><br><\/p>\n<p>All\u2019interno di questo ampio obiettivo, i principali obiettivi del progetto sono:&nbsp;<\/p>\n<p>O.1: Fornire ai giovani provenienti da contesti svantaggiati formazione e tutoraggio sull'imprenditorialit\u00e0 verde e sugli strumenti digitali al fine di supportarli nello sviluppo, nell'avvio e nella promozione delle proprie imprese verdi;&nbsp;<\/p>\n<p>O.2: Migliorare le competenze digitali degli aspiranti imprenditori verdi;&nbsp;<\/p>\n<p>O.3: Fornire buone pratiche\/metodologie per gli educatori giovanili che sostengono il settore delle imprese verdi;<\/p>\n<p>O.4: Sensibilizzare i giovani di tutta Europa all'imprenditorialit\u00e0 verde attraverso intense attivit\u00e0 di divulgazione e una campagna online.<br><\/p>\t\t\t\t\t\t<\/div>\n\t\t\t\t<\/div>\n\t\t\t\t\t<\/div>\n\t\t<\/div>\n\t\t\t\t\t<\/div>\n\t\t<\/section>\n\t\t\t\t<section data-particle_enable=\"false\" data-particle-mobile-disabled=\"false\" class=\"elementor-section elementor-top-section elementor-element elementor-element-4bc0253 elementor-section-boxed elementor-section-height-default elementor-section-height-default\" data-id=\"4bc0253\" data-element_type=\"section\">\n\t\t\t\t\t\t<div class=\"elementor-container elementor-column-gap-default\">\n\t\t\t\t\t<div class=\"elementor-column elementor-col-100 elementor-top-column elementor-element elementor-element-2e82a59\" data-id=\"2e82a59\" data-element_type=\"column\" data-settings=\"{&quot;background_background&quot;:&quot;classic&quot;}\">\n\t\t\t<div class=\"elementor-widget-wrap\">\n\t\t\t\t\t\t\t<\/div>\n\t\t<\/div>\n\t\t\t\t\t<\/div>\n\t\t<\/section>\n\t\t\t\t<\/div>","protected":false},"excerpt":{"rendered":"<p>GEA \u2013 Green Entrepreneurs in Action 5 Participating Countries:&nbsp; Romania, Italy, Spain, Sebia, North Macedonia This project has been funded with support from the European Commission. This publication reflects the views only of the author, and the Commission cannot be held responsible for any use which may be made of the information contained therein. Coordinator &#8230; <a title=\"Di\" class=\"read-more\" href=\"https:\/\/www.erasmus-gea.eu\/it\/about\/\" aria-label=\"Leggi di pi\u00f9 su About\">Leggi tutto<\/a><\/p>","protected":false},"author":1,"featured_media":0,"parent":0,"menu_order":0,"comment_status":"closed","ping_status":"closed","template":"","meta":{"_bbp_topic_count":0,"_bbp_reply_count":0,"_bbp_total_topic_count":0,"_bbp_total_reply_count":0,"_bbp_voice_count":0,"_bbp_anonymous_reply_count":0,"_bbp_topic_count_hidden":0,"_bbp_reply_count_hidden":0,"_bbp_forum_subforum_count":0,"_monsterinsights_skip_tracking":false,"_monsterinsights_sitenote_active":false,"_monsterinsights_sitenote_note":"","_monsterinsights_sitenote_category":0,"footnotes":""},"class_list":["post-177","page","type-page","status-publish"],"yoast_head":"<!-- This site is optimized with the Yoast SEO Premium plugin v23.9 (Yoast SEO v24.0) - https:\/\/yoast.com\/wordpress\/plugins\/seo\/ -->\n<title>About - Erasmus GEA<\/title>\n<meta name=\"robots\" content=\"index, follow, max-snippet:-1, max-image-preview:large, max-video-preview:-1\" \/>\n<link rel=\"canonical\" href=\"https:\/\/www.erasmus-gea.eu\/it\/about\/\" \/>\n<meta property=\"og:locale\" content=\"it_IT\" \/>\n<meta property=\"og:type\" content=\"article\" \/>\n<meta property=\"og:title\" content=\"About\" \/>\n<meta property=\"og:description\" content=\"GEA \u2013 Green Entrepreneurs in Action 5 Participating Countries:&nbsp; Romania, Italy, Spain, Sebia, North Macedonia This project has been funded with support from the European Commission. This publication reflects the views only of the author, and the Commission cannot be held responsible for any use which may be made of the information contained therein. Coordinator ... Leggi tutto\" \/>\n<meta property=\"og:url\" content=\"https:\/\/www.erasmus-gea.eu\/it\/about\/\" \/>\n<meta property=\"og:site_name\" content=\"Erasmus GEA\" \/>\n<meta property=\"article:modified_time\" content=\"2023-09-28T19:38:53+00:00\" \/>\n<meta property=\"og:image\" content=\"https:\/\/lh6.googleusercontent.com\/Ie1xetP1qknyjMK_EQ2WzEEswTkmh3cFMvS4WjCq83qYocFVLwgv0yM5i-ic9LpMpIztizY65B8hJjWb6TsNiasiieJpZ348smK0z2JluGDigi4WDzl4ATt_TRTF0aDA4eGeQCstMwTKMUBTVl6vfvXiasFlGCK-pKBpWT2gWbvLUnKz1NocoXf7XXNvMKi_0-GP1Z9LhQ\" \/>\n<meta name=\"twitter:card\" content=\"summary_large_image\" \/>\n<meta name=\"twitter:label1\" content=\"Tempo di lettura stimato\" \/>\n\t<meta name=\"twitter:data1\" content=\"2 minuti\" \/>\n<script type=\"application\/ld+json\" class=\"yoast-schema-graph\">{\"@context\":\"https:\/\/schema.org\",\"@graph\":[{\"@type\":\"WebPage\",\"@id\":\"https:\/\/www.erasmus-gea.eu\/about\/\",\"url\":\"https:\/\/www.erasmus-gea.eu\/about\/\",\"name\":\"About - Erasmus GEA\",\"isPartOf\":{\"@id\":\"https:\/\/www.erasmus-gea.eu\/#website\"},\"primaryImageOfPage\":{\"@id\":\"https:\/\/www.erasmus-gea.eu\/about\/#primaryimage\"},\"image\":{\"@id\":\"https:\/\/www.erasmus-gea.eu\/about\/#primaryimage\"},\"thumbnailUrl\":\"https:\/\/lh6.googleusercontent.com\/Ie1xetP1qknyjMK_EQ2WzEEswTkmh3cFMvS4WjCq83qYocFVLwgv0yM5i-ic9LpMpIztizY65B8hJjWb6TsNiasiieJpZ348smK0z2JluGDigi4WDzl4ATt_TRTF0aDA4eGeQCstMwTKMUBTVl6vfvXiasFlGCK-pKBpWT2gWbvLUnKz1NocoXf7XXNvMKi_0-GP1Z9LhQ\",\"datePublished\":\"2022-12-02T11:26:49+00:00\",\"dateModified\":\"2023-09-28T19:38:53+00:00\",\"breadcrumb\":{\"@id\":\"https:\/\/www.erasmus-gea.eu\/about\/#breadcrumb\"},\"inLanguage\":\"it-IT\",\"potentialAction\":[{\"@type\":\"ReadAction\",\"target\":[\"https:\/\/www.erasmus-gea.eu\/about\/\"]}]},{\"@type\":\"ImageObject\",\"inLanguage\":\"it-IT\",\"@id\":\"https:\/\/www.erasmus-gea.eu\/about\/#primaryimage\",\"url\":\"https:\/\/lh6.googleusercontent.com\/Ie1xetP1qknyjMK_EQ2WzEEswTkmh3cFMvS4WjCq83qYocFVLwgv0yM5i-ic9LpMpIztizY65B8hJjWb6TsNiasiieJpZ348smK0z2JluGDigi4WDzl4ATt_TRTF0aDA4eGeQCstMwTKMUBTVl6vfvXiasFlGCK-pKBpWT2gWbvLUnKz1NocoXf7XXNvMKi_0-GP1Z9LhQ\",\"contentUrl\":\"https:\/\/lh6.googleusercontent.com\/Ie1xetP1qknyjMK_EQ2WzEEswTkmh3cFMvS4WjCq83qYocFVLwgv0yM5i-ic9LpMpIztizY65B8hJjWb6TsNiasiieJpZ348smK0z2JluGDigi4WDzl4ATt_TRTF0aDA4eGeQCstMwTKMUBTVl6vfvXiasFlGCK-pKBpWT2gWbvLUnKz1NocoXf7XXNvMKi_0-GP1Z9LhQ\"},{\"@type\":\"BreadcrumbList\",\"@id\":\"https:\/\/www.erasmus-gea.eu\/about\/#breadcrumb\",\"itemListElement\":[{\"@type\":\"ListItem\",\"position\":1,\"name\":\"Home\",\"item\":\"https:\/\/www.erasmus-gea.eu\/\"},{\"@type\":\"ListItem\",\"position\":2,\"name\":\"About\"}]},{\"@type\":\"WebSite\",\"@id\":\"https:\/\/www.erasmus-gea.eu\/#website\",\"url\":\"https:\/\/www.erasmus-gea.eu\/\",\"name\":\"Erasmus GEA\",\"description\":\"Erasmus -  Green Entrepreneurs in Action - Learning Platform\",\"publisher\":{\"@id\":\"https:\/\/www.erasmus-gea.eu\/#organization\"},\"potentialAction\":[{\"@type\":\"SearchAction\",\"target\":{\"@type\":\"EntryPoint\",\"urlTemplate\":\"https:\/\/www.erasmus-gea.eu\/?s={search_term_string}\"},\"query-input\":{\"@type\":\"PropertyValueSpecification\",\"valueRequired\":true,\"valueName\":\"search_term_string\"}}],\"inLanguage\":\"it-IT\"},{\"@type\":\"Organization\",\"@id\":\"https:\/\/www.erasmus-gea.eu\/#organization\",\"name\":\"Erasmus GEA\",\"url\":\"https:\/\/www.erasmus-gea.eu\/\",\"logo\":{\"@type\":\"ImageObject\",\"inLanguage\":\"it-IT\",\"@id\":\"https:\/\/www.erasmus-gea.eu\/#\/schema\/logo\/image\/\",\"url\":\"https:\/\/www.erasmus-gea.eu\/wp-content\/uploads\/2022\/12\/ErasmusGEA_logo_circle.png\",\"contentUrl\":\"https:\/\/www.erasmus-gea.eu\/wp-content\/uploads\/2022\/12\/ErasmusGEA_logo_circle.png\",\"width\":105,\"height\":93,\"caption\":\"Erasmus GEA\"},\"image\":{\"@id\":\"https:\/\/www.erasmus-gea.eu\/#\/schema\/logo\/image\/\"}}]}<\/script>\n<!-- \/ Yoast SEO Premium plugin. -->","yoast_head_json":{"title":"About - Erasmus GEA","robots":{"index":"index","follow":"follow","max-snippet":"max-snippet:-1","max-image-preview":"max-image-preview:large","max-video-preview":"max-video-preview:-1"},"canonical":"https:\/\/www.erasmus-gea.eu\/it\/about\/","og_locale":"it_IT","og_type":"article","og_title":"About","og_description":"GEA \u2013 Green Entrepreneurs in Action 5 Participating Countries:&nbsp; Romania, Italy, Spain, Sebia, North Macedonia This project has been funded with support from the European Commission. This publication reflects the views only of the author, and the Commission cannot be held responsible for any use which may be made of the information contained therein. Coordinator ... Leggi tutto","og_url":"https:\/\/www.erasmus-gea.eu\/it\/about\/","og_site_name":"Erasmus GEA","article_modified_time":"2023-09-28T19:38:53+00:00","og_image":[{"url":"https:\/\/lh6.googleusercontent.com\/Ie1xetP1qknyjMK_EQ2WzEEswTkmh3cFMvS4WjCq83qYocFVLwgv0yM5i-ic9LpMpIztizY65B8hJjWb6TsNiasiieJpZ348smK0z2JluGDigi4WDzl4ATt_TRTF0aDA4eGeQCstMwTKMUBTVl6vfvXiasFlGCK-pKBpWT2gWbvLUnKz1NocoXf7XXNvMKi_0-GP1Z9LhQ","type":"","width":"","height":""}],"twitter_card":"summary_large_image","twitter_misc":{"Tempo di lettura stimato":"2 minuti"},"schema":{"@context":"https:\/\/schema.org","@graph":[{"@type":"WebPage","@id":"https:\/\/www.erasmus-gea.eu\/about\/","url":"https:\/\/www.erasmus-gea.eu\/about\/","name":"About - Erasmus GEA","isPartOf":{"@id":"https:\/\/www.erasmus-gea.eu\/#website"},"primaryImageOfPage":{"@id":"https:\/\/www.erasmus-gea.eu\/about\/#primaryimage"},"image":{"@id":"https:\/\/www.erasmus-gea.eu\/about\/#primaryimage"},"thumbnailUrl":"https:\/\/lh6.googleusercontent.com\/Ie1xetP1qknyjMK_EQ2WzEEswTkmh3cFMvS4WjCq83qYocFVLwgv0yM5i-ic9LpMpIztizY65B8hJjWb6TsNiasiieJpZ348smK0z2JluGDigi4WDzl4ATt_TRTF0aDA4eGeQCstMwTKMUBTVl6vfvXiasFlGCK-pKBpWT2gWbvLUnKz1NocoXf7XXNvMKi_0-GP1Z9LhQ","datePublished":"2022-12-02T11:26:49+00:00","dateModified":"2023-09-28T19:38:53+00:00","breadcrumb":{"@id":"https:\/\/www.erasmus-gea.eu\/about\/#breadcrumb"},"inLanguage":"it-IT","potentialAction":[{"@type":"ReadAction","target":["https:\/\/www.erasmus-gea.eu\/about\/"]}]},{"@type":"ImageObject","inLanguage":"it-IT","@id":"https:\/\/www.erasmus-gea.eu\/about\/#primaryimage","url":"https:\/\/lh6.googleusercontent.com\/Ie1xetP1qknyjMK_EQ2WzEEswTkmh3cFMvS4WjCq83qYocFVLwgv0yM5i-ic9LpMpIztizY65B8hJjWb6TsNiasiieJpZ348smK0z2JluGDigi4WDzl4ATt_TRTF0aDA4eGeQCstMwTKMUBTVl6vfvXiasFlGCK-pKBpWT2gWbvLUnKz1NocoXf7XXNvMKi_0-GP1Z9LhQ","contentUrl":"https:\/\/lh6.googleusercontent.com\/Ie1xetP1qknyjMK_EQ2WzEEswTkmh3cFMvS4WjCq83qYocFVLwgv0yM5i-ic9LpMpIztizY65B8hJjWb6TsNiasiieJpZ348smK0z2JluGDigi4WDzl4ATt_TRTF0aDA4eGeQCstMwTKMUBTVl6vfvXiasFlGCK-pKBpWT2gWbvLUnKz1NocoXf7XXNvMKi_0-GP1Z9LhQ"},{"@type":"BreadcrumbList","@id":"https:\/\/www.erasmus-gea.eu\/about\/#breadcrumb","itemListElement":[{"@type":"ListItem","position":1,"name":"Home","item":"https:\/\/www.erasmus-gea.eu\/"},{"@type":"ListItem","position":2,"name":"About"}]},{"@type":"WebSite","@id":"https:\/\/www.erasmus-gea.eu\/#website","url":"https:\/\/www.erasmus-gea.eu\/","name":"Erasmus GEA","description":"Erasmus -  Green Entrepreneurs in Action - Learning Platform","publisher":{"@id":"https:\/\/www.erasmus-gea.eu\/#organization"},"potentialAction":[{"@type":"SearchAction","target":{"@type":"EntryPoint","urlTemplate":"https:\/\/www.erasmus-gea.eu\/?s={search_term_string}"},"query-input":{"@type":"PropertyValueSpecification","valueRequired":true,"valueName":"search_term_string"}}],"inLanguage":"it-IT"},{"@type":"Organization","@id":"https:\/\/www.erasmus-gea.eu\/#organization","name":"Erasmus GEA","url":"https:\/\/www.erasmus-gea.eu\/","logo":{"@type":"ImageObject","inLanguage":"it-IT","@id":"https:\/\/www.erasmus-gea.eu\/#\/schema\/logo\/image\/","url":"https:\/\/www.erasmus-gea.eu\/wp-content\/uploads\/2022\/12\/ErasmusGEA_logo_circle.png","contentUrl":"https:\/\/www.erasmus-gea.eu\/wp-content\/uploads\/2022\/12\/ErasmusGEA_logo_circle.png","width":105,"height":93,"caption":"Erasmus GEA"},"image":{"@id":"https:\/\/www.erasmus-gea.eu\/#\/schema\/logo\/image\/"}}]}},"_links":{"self":[{"href":"https:\/\/www.erasmus-gea.eu\/it\/wp-json\/wp\/v2\/pages\/177","targetHints":{"allow":["GET"]}}],"collection":[{"href":"https:\/\/www.erasmus-gea.eu\/it\/wp-json\/wp\/v2\/pages"}],"about":[{"href":"https:\/\/www.erasmus-gea.eu\/it\/wp-json\/wp\/v2\/types\/page"}],"author":[{"embeddable":true,"href":"https:\/\/www.erasmus-gea.eu\/it\/wp-json\/wp\/v2\/users\/1"}],"replies":[{"embeddable":true,"href":"https:\/\/www.erasmus-gea.eu\/it\/wp-json\/wp\/v2\/comments?post=177"}],"version-history":[{"count":6,"href":"https:\/\/www.erasmus-gea.eu\/it\/wp-json\/wp\/v2\/pages\/177\/revisions"}],"predecessor-version":[{"id":1213,"href":"https:\/\/www.erasmus-gea.eu\/it\/wp-json\/wp\/v2\/pages\/177\/revisions\/1213"}],"wp:attachment":[{"href":"https:\/\/www.erasmus-gea.eu\/it\/wp-json\/wp\/v2\/media?parent=177"}],"curies":[{"name":"wp","href":"https:\/\/api.w.org\/{rel}","templated":true}]}}