{"id":177,"date":"2022-12-02T11:26:49","date_gmt":"2022-12-02T11:26:49","guid":{"rendered":"https:\/\/www.erasmus-gea.eu\/?page_id=177"},"modified":"2023-09-28T19:38:53","modified_gmt":"2023-09-28T19:38:53","slug":"about","status":"publish","type":"page","link":"https:\/\/www.erasmus-gea.eu\/fr\/about\/","title":{"rendered":"\u00c0 propos"},"content":{"rendered":"<div data-elementor-type=\"wp-page\" data-elementor-id=\"177\" class=\"elementor elementor-177\" data-elementor-post-type=\"page\">\n\t\t\t\t\t\t<section data-particle_enable=\"false\" data-particle-mobile-disabled=\"false\" class=\"elementor-section elementor-top-section elementor-element elementor-element-5476be7 elementor-section-boxed elementor-section-height-default elementor-section-height-default\" data-id=\"5476be7\" data-element_type=\"section\">\n\t\t\t\t\t\t<div class=\"elementor-container elementor-column-gap-default\">\n\t\t\t\t\t<div class=\"elementor-column elementor-col-100 elementor-top-column elementor-element elementor-element-33e6d11\" data-id=\"33e6d11\" data-element_type=\"column\">\n\t\t\t<div class=\"elementor-widget-wrap elementor-element-populated\">\n\t\t\t\t\t\t<div class=\"elementor-element elementor-element-0644a51 elementor-widget elementor-widget-heading\" data-id=\"0644a51\" data-element_type=\"widget\" data-widget_type=\"heading.default\">\n\t\t\t\t<div class=\"elementor-widget-container\">\n\t\t\t<h2 class=\"elementor-heading-title elementor-size-default\">GEA \u2013 Entrepreneurs Verts en Action<\/h2>\t\t<\/div>\n\t\t\t\t<\/div>\n\t\t\t\t<div class=\"elementor-element elementor-element-746e2dc elementor-widget elementor-widget-text-editor\" data-id=\"746e2dc\" data-element_type=\"widget\" data-widget_type=\"text-editor.default\">\n\t\t\t\t<div class=\"elementor-widget-container\">\n\t\t\t\t\t\t\t<p>5\u00a0pays participants\u00a0:\u00a0Roumanie, Italie, Espagne, Serbie, Mac\u00e9doine du Nord<\/p>\n<p><img fetchpriority=\"high\" decoding=\"async\" src=\"https:\/\/lh6.googleusercontent.com\/Ie1xetP1qknyjMK_EQ2WzEEswTkmh3cFMvS4WjCq83qYocFVLwgv0yM5i-ic9LpMpIztizY65B8hJjWb6TsNiasiieJpZ348smK0z2JluGDigi4WDzl4ATt_TRTF0aDA4eGeQCstMwTKMUBTVl6vfvXiasFlGCK-pKBpWT2gWbvLUnKz1NocoXf7XXNvMKi_0-GP1Z9LhQ\" width=\"624\" height=\"137\" style=\"background-color: transparent; color: rgb(0, 0, 0); font-family: Arial; font-size: 10pt; white-space: pre-wrap; font-weight: var( --e-global-typography-eb21f1d-font-weight ); letter-spacing: var( --e-global-typography-eb21f1d-letter-spacing ); word-spacing: var( --e-global-typography-eb21f1d-word-spacing ); margin-left: 0px; margin-top: 0px;\"><br><\/p>\n<p><br><\/p>\n<p>Ce projet a \u00e9t\u00e9 financ\u00e9 avec le soutien de la Commission europ\u00e9enne. Cette publication refl\u00e8te uniquement le point de vue de l'auteur et la Commission ne peut \u00eatre tenue responsable de toute utilisation qui pourrait \u00eatre faite des informations qui y sont contenues.<\/p>\n<p><br><\/p>\n<p><b>Coordinateur<\/b><\/p>\n<p> Roma Entrepreneurship Development (RO)<br><\/p>\n<p><br><\/p>\n<p><span style=\"font-weight: 700;\">Les partenaires<\/span><\/p>\n<p>European Centre of Studies and Initiatives<b> (IT)&nbsp;<\/b><\/p>\n<p>Magenta Consultoria <b>(ES)&nbsp;<\/b><\/p>\n<p>Family and Childcare Center <b>(NMkD)<\/b>&nbsp;<\/p>\n<p>Business Development Center Kragujevac <b>(SRB)<\/b><\/p><p>Roma Entrepreneur Development Initiative <b>(International)<\/b><\/p>\n<p><b><br><\/b><\/p>\n<p><span style=\"font-weight: 700;\">Description<\/span><b><br><\/b><\/p>\n<p>Le projet GEA consiste en un partenariat strat\u00e9gique de 5 organisations partenaires de 5 pays europ\u00e9ens\u00a0: Roumanie, Italie, Mac\u00e9doine du Nord, Serbie et Espagne, partageant toutes une vision visant \u00e0 accro\u00eetre le potentiel d'entrepreneuriat des jeunes Roms dans le cadre de la pand\u00e9mie de COVID-19. Le projet est transnational, coordonn\u00e9 par le partenaire roumain REDI.<br><\/p>\n<p>Le projet vise \u00e0 rechercher des solutions communes et innovantes, les meilleures pratiques et les derni\u00e8res technologies pour accro\u00eetre les comp\u00e9tences entrepreneuriales des jeunes Roms et des personnes vuln\u00e9rables dans les entreprises vertes. Il s'efforce de renforcer la capacit\u00e9 des jeunes entrepreneurs \u00e0 devenir plus comp\u00e9titifs et capables de faire face aux d\u00e9fis \u00e9conomiques caus\u00e9s par la crise du COVID-19, et d'appliquer leurs connaissances au d\u00e9veloppement d'entreprises durables ayant un impact socio-\u00e9conomique dans leurs communaut\u00e9s. Le projet GEA promeut \u00e9galement les entreprises vertes sans impact n\u00e9gatif sur l'environnement local ou mondial, la communaut\u00e9 ou l'\u00e9conomie.<br><\/p>\n<p><br><\/p>\n<p><span style=\"font-weight: 700;\">Objectifs<\/span><br><\/p>\n<p>Dans le cadre de cet objectif g\u00e9n\u00e9ral, les principaux objectifs du projet sont\u00a0:&nbsp;<\/p>\n<p>O.1\u00a0: Offrir aux jeunes issus de milieux d\u00e9favoris\u00e9s une formation et un encadrement sur l'entrepreneuriat vert et les outils num\u00e9riques afin de les aider \u00e0 d\u00e9velopper, d\u00e9marrer et promouvoir leurs propres entreprises vertes\u00a0;&nbsp;<\/p>\n<p>O.2\u00a0: Am\u00e9liorer les comp\u00e9tences num\u00e9riques des aspirants entrepreneurs verts\u00a0;&nbsp;<\/p>\n<p>O.3\u00a0:\u00a0Fournir des bonnes pratiques\/m\u00e9thodologies aux \u00e9ducateurs de jeunes qui soutiennent le secteur des entreprises vertes\u00a0;<\/p>\n<p>O.4\u00a0:\u00a0Sensibiliser les jeunes de toute l'Europe \u00e0 l'entrepreneuriat vert par le biais d'activit\u00e9s de diffusion intenses et d'une campagne en ligne.<br><\/p>\t\t\t\t\t\t<\/div>\n\t\t\t\t<\/div>\n\t\t\t\t\t<\/div>\n\t\t<\/div>\n\t\t\t\t\t<\/div>\n\t\t<\/section>\n\t\t\t\t<section data-particle_enable=\"false\" data-particle-mobile-disabled=\"false\" class=\"elementor-section elementor-top-section elementor-element elementor-element-4bc0253 elementor-section-boxed elementor-section-height-default elementor-section-height-default\" data-id=\"4bc0253\" data-element_type=\"section\">\n\t\t\t\t\t\t<div class=\"elementor-container elementor-column-gap-default\">\n\t\t\t\t\t<div class=\"elementor-column elementor-col-100 elementor-top-column elementor-element elementor-element-2e82a59\" data-id=\"2e82a59\" data-element_type=\"column\" data-settings=\"{&quot;background_background&quot;:&quot;classic&quot;}\">\n\t\t\t<div class=\"elementor-widget-wrap\">\n\t\t\t\t\t\t\t<\/div>\n\t\t<\/div>\n\t\t\t\t\t<\/div>\n\t\t<\/section>\n\t\t\t\t<\/div>","protected":false},"excerpt":{"rendered":"<p>GEA \u2013 Green Entrepreneurs in Action 5 Participating Countries:&nbsp; Romania, Italy, Spain, Sebia, North Macedonia This project has been funded with support from the European Commission. This publication reflects the views only of the author, and the Commission cannot be held responsible for any use which may be made of the information contained therein. Coordinator &#8230; <a title=\"\u00c0 propos\" class=\"read-more\" href=\"https:\/\/www.erasmus-gea.eu\/fr\/about\/\" aria-label=\"More on About\">Lire la suite<\/a><\/p>","protected":false},"author":1,"featured_media":0,"parent":0,"menu_order":0,"comment_status":"closed","ping_status":"closed","template":"","meta":{"_bbp_topic_count":0,"_bbp_reply_count":0,"_bbp_total_topic_count":0,"_bbp_total_reply_count":0,"_bbp_voice_count":0,"_bbp_anonymous_reply_count":0,"_bbp_topic_count_hidden":0,"_bbp_reply_count_hidden":0,"_bbp_forum_subforum_count":0,"_monsterinsights_skip_tracking":false,"_monsterinsights_sitenote_active":false,"_monsterinsights_sitenote_note":"","_monsterinsights_sitenote_category":0,"footnotes":""},"class_list":["post-177","page","type-page","status-publish"],"yoast_head":"<!-- This site is optimized with the Yoast SEO Premium plugin v23.9 (Yoast SEO v24.0) - https:\/\/yoast.com\/wordpress\/plugins\/seo\/ -->\n<title>About - Erasmus GEA<\/title>\n<meta name=\"robots\" content=\"index, follow, max-snippet:-1, max-image-preview:large, max-video-preview:-1\" \/>\n<link rel=\"canonical\" href=\"https:\/\/www.erasmus-gea.eu\/fr\/about\/\" \/>\n<meta property=\"og:locale\" content=\"fr_FR\" \/>\n<meta property=\"og:type\" content=\"article\" \/>\n<meta property=\"og:title\" content=\"About\" \/>\n<meta property=\"og:description\" content=\"GEA \u2013 Green Entrepreneurs in Action 5 Participating Countries:&nbsp; Romania, Italy, Spain, Sebia, North Macedonia This project has been funded with support from the European Commission. This publication reflects the views only of the author, and the Commission cannot be held responsible for any use which may be made of the information contained therein. Coordinator ... Lire la suite\" \/>\n<meta property=\"og:url\" content=\"https:\/\/www.erasmus-gea.eu\/fr\/about\/\" \/>\n<meta property=\"og:site_name\" content=\"Erasmus GEA\" \/>\n<meta property=\"article:modified_time\" content=\"2023-09-28T19:38:53+00:00\" \/>\n<meta property=\"og:image\" content=\"https:\/\/lh6.googleusercontent.com\/Ie1xetP1qknyjMK_EQ2WzEEswTkmh3cFMvS4WjCq83qYocFVLwgv0yM5i-ic9LpMpIztizY65B8hJjWb6TsNiasiieJpZ348smK0z2JluGDigi4WDzl4ATt_TRTF0aDA4eGeQCstMwTKMUBTVl6vfvXiasFlGCK-pKBpWT2gWbvLUnKz1NocoXf7XXNvMKi_0-GP1Z9LhQ\" \/>\n<meta name=\"twitter:card\" content=\"summary_large_image\" \/>\n<meta name=\"twitter:label1\" content=\"Dur\u00e9e de lecture est.\" \/>\n\t<meta name=\"twitter:data1\" content=\"2 minutes\" \/>\n<script type=\"application\/ld+json\" class=\"yoast-schema-graph\">{\"@context\":\"https:\/\/schema.org\",\"@graph\":[{\"@type\":\"WebPage\",\"@id\":\"https:\/\/www.erasmus-gea.eu\/about\/\",\"url\":\"https:\/\/www.erasmus-gea.eu\/about\/\",\"name\":\"About - Erasmus GEA\",\"isPartOf\":{\"@id\":\"https:\/\/www.erasmus-gea.eu\/#website\"},\"primaryImageOfPage\":{\"@id\":\"https:\/\/www.erasmus-gea.eu\/about\/#primaryimage\"},\"image\":{\"@id\":\"https:\/\/www.erasmus-gea.eu\/about\/#primaryimage\"},\"thumbnailUrl\":\"https:\/\/lh6.googleusercontent.com\/Ie1xetP1qknyjMK_EQ2WzEEswTkmh3cFMvS4WjCq83qYocFVLwgv0yM5i-ic9LpMpIztizY65B8hJjWb6TsNiasiieJpZ348smK0z2JluGDigi4WDzl4ATt_TRTF0aDA4eGeQCstMwTKMUBTVl6vfvXiasFlGCK-pKBpWT2gWbvLUnKz1NocoXf7XXNvMKi_0-GP1Z9LhQ\",\"datePublished\":\"2022-12-02T11:26:49+00:00\",\"dateModified\":\"2023-09-28T19:38:53+00:00\",\"breadcrumb\":{\"@id\":\"https:\/\/www.erasmus-gea.eu\/about\/#breadcrumb\"},\"inLanguage\":\"fr-BE\",\"potentialAction\":[{\"@type\":\"ReadAction\",\"target\":[\"https:\/\/www.erasmus-gea.eu\/about\/\"]}]},{\"@type\":\"ImageObject\",\"inLanguage\":\"fr-BE\",\"@id\":\"https:\/\/www.erasmus-gea.eu\/about\/#primaryimage\",\"url\":\"https:\/\/lh6.googleusercontent.com\/Ie1xetP1qknyjMK_EQ2WzEEswTkmh3cFMvS4WjCq83qYocFVLwgv0yM5i-ic9LpMpIztizY65B8hJjWb6TsNiasiieJpZ348smK0z2JluGDigi4WDzl4ATt_TRTF0aDA4eGeQCstMwTKMUBTVl6vfvXiasFlGCK-pKBpWT2gWbvLUnKz1NocoXf7XXNvMKi_0-GP1Z9LhQ\",\"contentUrl\":\"https:\/\/lh6.googleusercontent.com\/Ie1xetP1qknyjMK_EQ2WzEEswTkmh3cFMvS4WjCq83qYocFVLwgv0yM5i-ic9LpMpIztizY65B8hJjWb6TsNiasiieJpZ348smK0z2JluGDigi4WDzl4ATt_TRTF0aDA4eGeQCstMwTKMUBTVl6vfvXiasFlGCK-pKBpWT2gWbvLUnKz1NocoXf7XXNvMKi_0-GP1Z9LhQ\"},{\"@type\":\"BreadcrumbList\",\"@id\":\"https:\/\/www.erasmus-gea.eu\/about\/#breadcrumb\",\"itemListElement\":[{\"@type\":\"ListItem\",\"position\":1,\"name\":\"Home\",\"item\":\"https:\/\/www.erasmus-gea.eu\/\"},{\"@type\":\"ListItem\",\"position\":2,\"name\":\"About\"}]},{\"@type\":\"WebSite\",\"@id\":\"https:\/\/www.erasmus-gea.eu\/#website\",\"url\":\"https:\/\/www.erasmus-gea.eu\/\",\"name\":\"Erasmus GEA\",\"description\":\"Erasmus -  Green Entrepreneurs in Action - Learning Platform\",\"publisher\":{\"@id\":\"https:\/\/www.erasmus-gea.eu\/#organization\"},\"potentialAction\":[{\"@type\":\"SearchAction\",\"target\":{\"@type\":\"EntryPoint\",\"urlTemplate\":\"https:\/\/www.erasmus-gea.eu\/?s={search_term_string}\"},\"query-input\":{\"@type\":\"PropertyValueSpecification\",\"valueRequired\":true,\"valueName\":\"search_term_string\"}}],\"inLanguage\":\"fr-BE\"},{\"@type\":\"Organization\",\"@id\":\"https:\/\/www.erasmus-gea.eu\/#organization\",\"name\":\"Erasmus GEA\",\"url\":\"https:\/\/www.erasmus-gea.eu\/\",\"logo\":{\"@type\":\"ImageObject\",\"inLanguage\":\"fr-BE\",\"@id\":\"https:\/\/www.erasmus-gea.eu\/#\/schema\/logo\/image\/\",\"url\":\"https:\/\/www.erasmus-gea.eu\/wp-content\/uploads\/2022\/12\/ErasmusGEA_logo_circle.png\",\"contentUrl\":\"https:\/\/www.erasmus-gea.eu\/wp-content\/uploads\/2022\/12\/ErasmusGEA_logo_circle.png\",\"width\":105,\"height\":93,\"caption\":\"Erasmus GEA\"},\"image\":{\"@id\":\"https:\/\/www.erasmus-gea.eu\/#\/schema\/logo\/image\/\"}}]}<\/script>\n<!-- \/ Yoast SEO Premium plugin. -->","yoast_head_json":{"title":"About - Erasmus GEA","robots":{"index":"index","follow":"follow","max-snippet":"max-snippet:-1","max-image-preview":"max-image-preview:large","max-video-preview":"max-video-preview:-1"},"canonical":"https:\/\/www.erasmus-gea.eu\/fr\/about\/","og_locale":"fr_FR","og_type":"article","og_title":"About","og_description":"GEA \u2013 Green Entrepreneurs in Action 5 Participating Countries:&nbsp; Romania, Italy, Spain, Sebia, North Macedonia This project has been funded with support from the European Commission. This publication reflects the views only of the author, and the Commission cannot be held responsible for any use which may be made of the information contained therein. Coordinator ... Lire la suite","og_url":"https:\/\/www.erasmus-gea.eu\/fr\/about\/","og_site_name":"Erasmus GEA","article_modified_time":"2023-09-28T19:38:53+00:00","og_image":[{"url":"https:\/\/lh6.googleusercontent.com\/Ie1xetP1qknyjMK_EQ2WzEEswTkmh3cFMvS4WjCq83qYocFVLwgv0yM5i-ic9LpMpIztizY65B8hJjWb6TsNiasiieJpZ348smK0z2JluGDigi4WDzl4ATt_TRTF0aDA4eGeQCstMwTKMUBTVl6vfvXiasFlGCK-pKBpWT2gWbvLUnKz1NocoXf7XXNvMKi_0-GP1Z9LhQ","type":"","width":"","height":""}],"twitter_card":"summary_large_image","twitter_misc":{"Dur\u00e9e de lecture est.":"2 minutes"},"schema":{"@context":"https:\/\/schema.org","@graph":[{"@type":"WebPage","@id":"https:\/\/www.erasmus-gea.eu\/about\/","url":"https:\/\/www.erasmus-gea.eu\/about\/","name":"About - Erasmus GEA","isPartOf":{"@id":"https:\/\/www.erasmus-gea.eu\/#website"},"primaryImageOfPage":{"@id":"https:\/\/www.erasmus-gea.eu\/about\/#primaryimage"},"image":{"@id":"https:\/\/www.erasmus-gea.eu\/about\/#primaryimage"},"thumbnailUrl":"https:\/\/lh6.googleusercontent.com\/Ie1xetP1qknyjMK_EQ2WzEEswTkmh3cFMvS4WjCq83qYocFVLwgv0yM5i-ic9LpMpIztizY65B8hJjWb6TsNiasiieJpZ348smK0z2JluGDigi4WDzl4ATt_TRTF0aDA4eGeQCstMwTKMUBTVl6vfvXiasFlGCK-pKBpWT2gWbvLUnKz1NocoXf7XXNvMKi_0-GP1Z9LhQ","datePublished":"2022-12-02T11:26:49+00:00","dateModified":"2023-09-28T19:38:53+00:00","breadcrumb":{"@id":"https:\/\/www.erasmus-gea.eu\/about\/#breadcrumb"},"inLanguage":"fr-BE","potentialAction":[{"@type":"ReadAction","target":["https:\/\/www.erasmus-gea.eu\/about\/"]}]},{"@type":"ImageObject","inLanguage":"fr-BE","@id":"https:\/\/www.erasmus-gea.eu\/about\/#primaryimage","url":"https:\/\/lh6.googleusercontent.com\/Ie1xetP1qknyjMK_EQ2WzEEswTkmh3cFMvS4WjCq83qYocFVLwgv0yM5i-ic9LpMpIztizY65B8hJjWb6TsNiasiieJpZ348smK0z2JluGDigi4WDzl4ATt_TRTF0aDA4eGeQCstMwTKMUBTVl6vfvXiasFlGCK-pKBpWT2gWbvLUnKz1NocoXf7XXNvMKi_0-GP1Z9LhQ","contentUrl":"https:\/\/lh6.googleusercontent.com\/Ie1xetP1qknyjMK_EQ2WzEEswTkmh3cFMvS4WjCq83qYocFVLwgv0yM5i-ic9LpMpIztizY65B8hJjWb6TsNiasiieJpZ348smK0z2JluGDigi4WDzl4ATt_TRTF0aDA4eGeQCstMwTKMUBTVl6vfvXiasFlGCK-pKBpWT2gWbvLUnKz1NocoXf7XXNvMKi_0-GP1Z9LhQ"},{"@type":"BreadcrumbList","@id":"https:\/\/www.erasmus-gea.eu\/about\/#breadcrumb","itemListElement":[{"@type":"ListItem","position":1,"name":"Home","item":"https:\/\/www.erasmus-gea.eu\/"},{"@type":"ListItem","position":2,"name":"About"}]},{"@type":"WebSite","@id":"https:\/\/www.erasmus-gea.eu\/#website","url":"https:\/\/www.erasmus-gea.eu\/","name":"Erasmus GEA","description":"Erasmus -  Green Entrepreneurs in Action - Learning Platform","publisher":{"@id":"https:\/\/www.erasmus-gea.eu\/#organization"},"potentialAction":[{"@type":"SearchAction","target":{"@type":"EntryPoint","urlTemplate":"https:\/\/www.erasmus-gea.eu\/?s={search_term_string}"},"query-input":{"@type":"PropertyValueSpecification","valueRequired":true,"valueName":"search_term_string"}}],"inLanguage":"fr-BE"},{"@type":"Organization","@id":"https:\/\/www.erasmus-gea.eu\/#organization","name":"Erasmus GEA","url":"https:\/\/www.erasmus-gea.eu\/","logo":{"@type":"ImageObject","inLanguage":"fr-BE","@id":"https:\/\/www.erasmus-gea.eu\/#\/schema\/logo\/image\/","url":"https:\/\/www.erasmus-gea.eu\/wp-content\/uploads\/2022\/12\/ErasmusGEA_logo_circle.png","contentUrl":"https:\/\/www.erasmus-gea.eu\/wp-content\/uploads\/2022\/12\/ErasmusGEA_logo_circle.png","width":105,"height":93,"caption":"Erasmus GEA"},"image":{"@id":"https:\/\/www.erasmus-gea.eu\/#\/schema\/logo\/image\/"}}]}},"_links":{"self":[{"href":"https:\/\/www.erasmus-gea.eu\/fr\/wp-json\/wp\/v2\/pages\/177","targetHints":{"allow":["GET"]}}],"collection":[{"href":"https:\/\/www.erasmus-gea.eu\/fr\/wp-json\/wp\/v2\/pages"}],"about":[{"href":"https:\/\/www.erasmus-gea.eu\/fr\/wp-json\/wp\/v2\/types\/page"}],"author":[{"embeddable":true,"href":"https:\/\/www.erasmus-gea.eu\/fr\/wp-json\/wp\/v2\/users\/1"}],"replies":[{"embeddable":true,"href":"https:\/\/www.erasmus-gea.eu\/fr\/wp-json\/wp\/v2\/comments?post=177"}],"version-history":[{"count":6,"href":"https:\/\/www.erasmus-gea.eu\/fr\/wp-json\/wp\/v2\/pages\/177\/revisions"}],"predecessor-version":[{"id":1213,"href":"https:\/\/www.erasmus-gea.eu\/fr\/wp-json\/wp\/v2\/pages\/177\/revisions\/1213"}],"wp:attachment":[{"href":"https:\/\/www.erasmus-gea.eu\/fr\/wp-json\/wp\/v2\/media?parent=177"}],"curies":[{"name":"wp","href":"https:\/\/api.w.org\/{rel}","templated":true}]}}